{"id":347,"date":"2020-03-10T14:04:06","date_gmt":"2020-03-10T13:04:06","guid":{"rendered":"https:\/\/themify.me\/demo\/themes\/ultra-profile\/?page_id=9"},"modified":"2021-03-31T21:38:54","modified_gmt":"2021-03-31T19:38:54","slug":"home","status":"publish","type":"page","link":"http:\/\/b2017bilkad.delta-www.cz\/maturita\/","title":{"rendered":"Home"},"content":{"rendered":"<!-- wp:themify-builder\/canvas \/--><!--themify_builder_static--><h1>Maturitn\u00ed web<\/h1>\n<img loading=\"lazy\" src=\"https:\/\/themify.me\/demo\/themes\/ultra-profile\/files\/2020\/03\/arrow-down-32x82.png\" width=\"32\" height=\"82\" title=\"\" alt=\"\">\n\n\n\n<h4>Maturitn\u00ed projekt<\/h4> <h3>Portfolio firmy pro marketingov\u00e9 komunikace<\/h3> <p>Odkazy k m\u00e9mu maturitn\u00edmu projektu<\/p>\n<a href=\"https:\/\/drive.google.com\/drive\/folders\/1C6necHoYrbMPlm_tOZMOSRVC17_rZu8b?usp=sharing\" target=\"_blank\" rel=\"noopener\"> Dokumentace (.docx, .pdf) <\/a> <a href=\"https:\/\/drive.google.com\/drive\/folders\/1LA8K3o9fYIBUoe9d4hd6solDc5U2SDJm?usp=sharing\" target=\"_blank\" rel=\"noopener\"> Zdrojov\u00e9 soubory <\/a> <a href=\"https:\/\/adelabilkova.cz\/\" target=\"_blank\" rel=\"noopener\"> Webov\u00e9 str\u00e1nky <\/a>\n<h4>Portfolio<\/h4>\n\n<img loading=\"lazy\" src=\"https:\/\/themify.me\/demo\/themes\/ultra-profile\/files\/2020\/03\/bulb-42x58.png\" width=\"42\" height=\"58\" title=\"Fotografie\" alt=\"10 vybran\u00fdch fotografi\u00ed upraven\u00fdch pomoc\u00ed Adobe Photoshop\"> <h3> Fotografie <\/h3> 10 vybran\u00fdch fotografi\u00ed upraven\u00fdch pomoc\u00ed Adobe Photoshop\n<a href=\"https:\/\/drive.google.com\/drive\/folders\/1rMgfB2ViqhBMsHYErcZ3Kxz8_MEZJ3og?usp=sharing\" target=\"_blank\" rel=\"noopener\"> Fotografie <\/a>\n\n<img loading=\"lazy\" src=\"https:\/\/themify.me\/demo\/themes\/ultra-profile\/files\/2020\/03\/copywriting-50x51.png\" width=\"50\" height=\"51\" title=\"Grafika\" alt=\"Illustr\u00e1tor, InDesign, Photoshop\"> <h3> Grafika <\/h3> Illustr\u00e1tor, InDesign, Photoshop\n<a href=\"https:\/\/drive.google.com\/drive\/folders\/1QSo1NYzU8KF-Tej3oiiOhVumtiOL5aGQ?usp=sharing\" target=\"_blank\" rel=\"noopener\"> Grafika <\/a>\n\n<img loading=\"lazy\" src=\"https:\/\/themify.me\/demo\/themes\/ultra-profile\/files\/2020\/03\/digital-50x51.png\" width=\"50\" height=\"51\" title=\"Video, zvuk\" alt=\"Premiere Pro, After Effects, Audition\"> <h3> Video, zvuk <\/h3> Premiere Pro, After Effects, Audition\n<a href=\"https:\/\/drive.google.com\/drive\/folders\/1jWrXhmtqk_66nRPPbGnvjv6q6Y3WSitl?usp=sharing\" target=\"_blank\" rel=\"noopener\"> Video, zvuk <\/a>\n<img loading=\"lazy\" width=\"1365\" height=\"2048\" src=\"http:\/\/b2017bilkad.delta-www.cz\/maturita\/wp-content\/uploads\/2021\/03\/IMG_3.jpg\" title=\"IMG_3\" alt=\"IMG_3\" srcset=\"http:\/\/b2017bilkad.delta-www.cz\/maturita\/wp-content\/uploads\/2021\/03\/IMG_3.jpg 1365w, http:\/\/b2017bilkad.delta-www.cz\/maturita\/wp-content\/uploads\/2021\/03\/IMG_3-200x300.jpg 200w, http:\/\/b2017bilkad.delta-www.cz\/maturita\/wp-content\/uploads\/2021\/03\/IMG_3-683x1024.jpg 683w, http:\/\/b2017bilkad.delta-www.cz\/maturita\/wp-content\/uploads\/2021\/03\/IMG_3-768x1152.jpg 768w, http:\/\/b2017bilkad.delta-www.cz\/maturita\/wp-content\/uploads\/2021\/03\/IMG_3-1024x1536.jpg 1024w\" sizes=\"(max-width: 1365px) 100vw, 1365px\" \/>\n\n<img loading=\"lazy\" width=\"1305\" height=\"1784\" src=\"http:\/\/b2017bilkad.delta-www.cz\/maturita\/wp-content\/uploads\/2021\/03\/IMG_4.jpg\" title=\"IMG_4\" alt=\"IMG_4\" srcset=\"http:\/\/b2017bilkad.delta-www.cz\/maturita\/wp-content\/uploads\/2021\/03\/IMG_4.jpg 1305w, http:\/\/b2017bilkad.delta-www.cz\/maturita\/wp-content\/uploads\/2021\/03\/IMG_4-219x300.jpg 219w, http:\/\/b2017bilkad.delta-www.cz\/maturita\/wp-content\/uploads\/2021\/03\/IMG_4-749x1024.jpg 749w, http:\/\/b2017bilkad.delta-www.cz\/maturita\/wp-content\/uploads\/2021\/03\/IMG_4-768x1050.jpg 768w, http:\/\/b2017bilkad.delta-www.cz\/maturita\/wp-content\/uploads\/2021\/03\/IMG_4-1124x1536.jpg 1124w\" sizes=\"(max-width: 1305px) 100vw, 1305px\" \/>\n<img loading=\"lazy\" width=\"1365\" height=\"2048\" src=\"http:\/\/b2017bilkad.delta-www.cz\/maturita\/wp-content\/uploads\/2021\/03\/IMG_1.jpg\" title=\"IMG_1\" alt=\"IMG_1\" srcset=\"http:\/\/b2017bilkad.delta-www.cz\/maturita\/wp-content\/uploads\/2021\/03\/IMG_1.jpg 1365w, http:\/\/b2017bilkad.delta-www.cz\/maturita\/wp-content\/uploads\/2021\/03\/IMG_1-200x300.jpg 200w, http:\/\/b2017bilkad.delta-www.cz\/maturita\/wp-content\/uploads\/2021\/03\/IMG_1-683x1024.jpg 683w, http:\/\/b2017bilkad.delta-www.cz\/maturita\/wp-content\/uploads\/2021\/03\/IMG_1-768x1152.jpg 768w, http:\/\/b2017bilkad.delta-www.cz\/maturita\/wp-content\/uploads\/2021\/03\/IMG_1-1024x1536.jpg 1024w\" sizes=\"(max-width: 1365px) 100vw, 1365px\" \/><!--\/themify_builder_static-->","protected":false},"excerpt":{"rendered":"<p>Maturitn\u00ed web Maturitn\u00ed projekt Portfolio firmy pro marketingov\u00e9 komunikace Odkazy k m\u00e9mu maturitn\u00edmu projektu Dokumentace (.docx, .pdf) Zdrojov\u00e9 soubory Webov\u00e9 str\u00e1nky Portfolio Fotografie 10 vybran\u00fdch fotografi\u00ed upraven\u00fdch pomoc\u00ed Adobe Photoshop Fotografie Grafika Illustr\u00e1tor, InDesign, Photoshop Grafika Video, zvuk Premiere Pro, After Effects, Audition Video, zvuk<\/p>\n","protected":false},"author":1,"featured_media":0,"parent":0,"menu_order":0,"comment_status":"closed","ping_status":"closed","template":"","meta":[],"builder_content":"<h1>Maturitn\u00ed web<\/h1>\n<img src=\"https:\/\/themify.me\/demo\/themes\/ultra-profile\/files\/2020\/03\/arrow-down-32x82.png\" width=\"32\" height=\"82\" title=\"Home\" alt=\"Home\">\n\n\n\n<h4>Maturitn\u00ed projekt<\/h4> <h3>Portfolio firmy pro marketingov\u00e9 komunikace<\/h3> <p>Odkazy k m\u00e9mu maturitn\u00edmu projektu<\/p>\n<a href=\"https:\/\/drive.google.com\/drive\/folders\/1C6necHoYrbMPlm_tOZMOSRVC17_rZu8b?usp=sharing\" target=\"_blank\" rel=\"noopener\"> Dokumentace (.docx, .pdf) <\/a> <a href=\"https:\/\/drive.google.com\/drive\/folders\/1LA8K3o9fYIBUoe9d4hd6solDc5U2SDJm?usp=sharing\" target=\"_blank\" rel=\"noopener\"> Zdrojov\u00e9 soubory <\/a> <a href=\"https:\/\/adelabilkova.cz\/\" target=\"_blank\" rel=\"noopener\"> Webov\u00e9 str\u00e1nky <\/a>\n<h4>Portfolio<\/h4>\n\n<img src=\"https:\/\/themify.me\/demo\/themes\/ultra-profile\/files\/2020\/03\/bulb-42x58.png\" width=\"42\" height=\"58\" title=\"Fotografie\" alt=\"10 vybran\u00fdch fotografi\u00ed upraven\u00fdch pomoc\u00ed Adobe Photoshop\"> <h3> Fotografie <\/h3> 10 vybran\u00fdch fotografi\u00ed upraven\u00fdch pomoc\u00ed Adobe Photoshop\n<a href=\"https:\/\/drive.google.com\/drive\/folders\/1rMgfB2ViqhBMsHYErcZ3Kxz8_MEZJ3og?usp=sharing\" target=\"_blank\" rel=\"noopener\"> Fotografie <\/a>\n\n<img src=\"https:\/\/themify.me\/demo\/themes\/ultra-profile\/files\/2020\/03\/copywriting-50x51.png\" width=\"50\" height=\"51\" title=\"Grafika\" alt=\"Illustr\u00e1tor, InDesign, Photoshop\"> <h3> Grafika <\/h3> Illustr\u00e1tor, InDesign, Photoshop\n<a href=\"https:\/\/drive.google.com\/drive\/folders\/1QSo1NYzU8KF-Tej3oiiOhVumtiOL5aGQ?usp=sharing\" target=\"_blank\" rel=\"noopener\"> Grafika <\/a>\n\n<img src=\"https:\/\/themify.me\/demo\/themes\/ultra-profile\/files\/2020\/03\/digital-50x51.png\" width=\"50\" height=\"51\" title=\"Video, zvuk\" alt=\"Premiere Pro, After Effects, Audition\"> <h3> Video, zvuk <\/h3> Premiere Pro, After Effects, Audition\n<a href=\"https:\/\/drive.google.com\/drive\/folders\/1jWrXhmtqk_66nRPPbGnvjv6q6Y3WSitl?usp=sharing\" target=\"_blank\" rel=\"noopener\"> Video, zvuk <\/a>\n<img loading=\"lazy\" width=\"1365\" height=\"2048\" src=\"http:\/\/b2017bilkad.delta-www.cz\/maturita\/wp-content\/uploads\/2021\/03\/IMG_3.jpg\" title=\"IMG_3\" alt=\"IMG_3\" srcset=\"http:\/\/b2017bilkad.delta-www.cz\/maturita\/wp-content\/uploads\/2021\/03\/IMG_3.jpg 1365w, http:\/\/b2017bilkad.delta-www.cz\/maturita\/wp-content\/uploads\/2021\/03\/IMG_3-200x300.jpg 200w, http:\/\/b2017bilkad.delta-www.cz\/maturita\/wp-content\/uploads\/2021\/03\/IMG_3-683x1024.jpg 683w, http:\/\/b2017bilkad.delta-www.cz\/maturita\/wp-content\/uploads\/2021\/03\/IMG_3-768x1152.jpg 768w, http:\/\/b2017bilkad.delta-www.cz\/maturita\/wp-content\/uploads\/2021\/03\/IMG_3-1024x1536.jpg 1024w\" sizes=\"(max-width: 1365px) 100vw, 1365px\" \/>\n\n<img loading=\"lazy\" width=\"1305\" height=\"1784\" src=\"http:\/\/b2017bilkad.delta-www.cz\/maturita\/wp-content\/uploads\/2021\/03\/IMG_4.jpg\" title=\"IMG_4\" alt=\"IMG_4\" srcset=\"http:\/\/b2017bilkad.delta-www.cz\/maturita\/wp-content\/uploads\/2021\/03\/IMG_4.jpg 1305w, http:\/\/b2017bilkad.delta-www.cz\/maturita\/wp-content\/uploads\/2021\/03\/IMG_4-219x300.jpg 219w, http:\/\/b2017bilkad.delta-www.cz\/maturita\/wp-content\/uploads\/2021\/03\/IMG_4-749x1024.jpg 749w, http:\/\/b2017bilkad.delta-www.cz\/maturita\/wp-content\/uploads\/2021\/03\/IMG_4-768x1050.jpg 768w, http:\/\/b2017bilkad.delta-www.cz\/maturita\/wp-content\/uploads\/2021\/03\/IMG_4-1124x1536.jpg 1124w\" sizes=\"(max-width: 1305px) 100vw, 1305px\" \/>\n<img loading=\"lazy\" width=\"1365\" height=\"2048\" src=\"http:\/\/b2017bilkad.delta-www.cz\/maturita\/wp-content\/uploads\/2021\/03\/IMG_1.jpg\" title=\"IMG_1\" alt=\"IMG_1\" srcset=\"http:\/\/b2017bilkad.delta-www.cz\/maturita\/wp-content\/uploads\/2021\/03\/IMG_1.jpg 1365w, http:\/\/b2017bilkad.delta-www.cz\/maturita\/wp-content\/uploads\/2021\/03\/IMG_1-200x300.jpg 200w, http:\/\/b2017bilkad.delta-www.cz\/maturita\/wp-content\/uploads\/2021\/03\/IMG_1-683x1024.jpg 683w, http:\/\/b2017bilkad.delta-www.cz\/maturita\/wp-content\/uploads\/2021\/03\/IMG_1-768x1152.jpg 768w, http:\/\/b2017bilkad.delta-www.cz\/maturita\/wp-content\/uploads\/2021\/03\/IMG_1-1024x1536.jpg 1024w\" sizes=\"(max-width: 1365px) 100vw, 1365px\" \/>","_links":{"self":[{"href":"http:\/\/b2017bilkad.delta-www.cz\/maturita\/index.php?rest_route=\/wp\/v2\/pages\/347"}],"collection":[{"href":"http:\/\/b2017bilkad.delta-www.cz\/maturita\/index.php?rest_route=\/wp\/v2\/pages"}],"about":[{"href":"http:\/\/b2017bilkad.delta-www.cz\/maturita\/index.php?rest_route=\/wp\/v2\/types\/page"}],"author":[{"embeddable":true,"href":"http:\/\/b2017bilkad.delta-www.cz\/maturita\/index.php?rest_route=\/wp\/v2\/users\/1"}],"replies":[{"embeddable":true,"href":"http:\/\/b2017bilkad.delta-www.cz\/maturita\/index.php?rest_route=%2Fwp%2Fv2%2Fcomments&post=347"}],"version-history":[{"count":35,"href":"http:\/\/b2017bilkad.delta-www.cz\/maturita\/index.php?rest_route=\/wp\/v2\/pages\/347\/revisions"}],"predecessor-version":[{"id":423,"href":"http:\/\/b2017bilkad.delta-www.cz\/maturita\/index.php?rest_route=\/wp\/v2\/pages\/347\/revisions\/423"}],"wp:attachment":[{"href":"http:\/\/b2017bilkad.delta-www.cz\/maturita\/index.php?rest_route=%2Fwp%2Fv2%2Fmedia&parent=347"}],"curies":[{"name":"wp","href":"https:\/\/api.w.org\/{rel}","templated":true}]}}